{"id":92,"date":"2017-03-12T11:25:29","date_gmt":"2017-03-12T10:25:29","guid":{"rendered":"http:\/\/juliaamarger.com\/?page_id=92"},"modified":"2023-12-04T15:19:49","modified_gmt":"2023-12-04T14:19:49","slug":"la-phosphorescence-de-la-mer","status":"publish","type":"page","link":"https:\/\/juliaamarger.com\/index.php\/la-phosphorescence-de-la-mer\/","title":{"rendered":"La phosphorescence de la mer 2016-2017"},"content":{"rendered":"<p><strong>(D\u00e9)crypter<\/strong>. A la recherche de traces, explorant mes propres souvenirs, les lucioles de mon pass\u00e9 et des g\u00e9n\u00e9rations pass\u00e9es, ce projet a \u00e9t\u00e9 r\u00e9alis\u00e9 au croisement de deux territoires, La France et l\u2019Argentine. Je m\u2019int\u00e9resse aux migrations, je floute les fronti\u00e8res pour d\u00e9construire la dialectique dedans-dehors et rendre possible l\u2019exploration des mouvements territoriaux.<\/p>\n<p><img decoding=\"async\" loading=\"lazy\" class=\"alignnone size-full wp-image-111\" src=\"http:\/\/juliaamarger.com\/wp-content\/uploads\/2017\/03\/012jthomesjuliaamarger.jpg\" alt=\"\" width=\"525\" height=\"787\" srcset=\"https:\/\/juliaamarger.com\/wp-content\/uploads\/2017\/03\/012jthomesjuliaamarger.jpg 525w, https:\/\/juliaamarger.com\/wp-content\/uploads\/2017\/03\/012jthomesjuliaamarger-200x300.jpg 200w\" sizes=\"(max-width: 525px) 100vw, 525px\" \/><\/p>\n<p><img decoding=\"async\" loading=\"lazy\" class=\"alignnone size-full wp-image-110\" src=\"http:\/\/juliaamarger.com\/wp-content\/uploads\/2017\/03\/011jthomesjuliaamarger.jpg\" alt=\"\" width=\"525\" height=\"787\" srcset=\"https:\/\/juliaamarger.com\/wp-content\/uploads\/2017\/03\/011jthomesjuliaamarger.jpg 525w, https:\/\/juliaamarger.com\/wp-content\/uploads\/2017\/03\/011jthomesjuliaamarger-200x300.jpg 200w\" sizes=\"(max-width: 525px) 100vw, 525px\" \/><\/p>\n<p><img decoding=\"async\" loading=\"lazy\" class=\"alignnone wp-image-109\" src=\"http:\/\/juliaamarger.com\/wp-content\/uploads\/2017\/03\/009jthomesjuliaamarger-1024x682.jpg\" alt=\"\" width=\"788\" height=\"525\" srcset=\"https:\/\/juliaamarger.com\/wp-content\/uploads\/2017\/03\/009jthomesjuliaamarger-1024x682.jpg 1024w, https:\/\/juliaamarger.com\/wp-content\/uploads\/2017\/03\/009jthomesjuliaamarger-300x200.jpg 300w, https:\/\/juliaamarger.com\/wp-content\/uploads\/2017\/03\/009jthomesjuliaamarger-768x512.jpg 768w, https:\/\/juliaamarger.com\/wp-content\/uploads\/2017\/03\/009jthomesjuliaamarger-720x480.jpg 720w, https:\/\/juliaamarger.com\/wp-content\/uploads\/2017\/03\/009jthomesjuliaamarger.jpg 1181w\" sizes=\"(max-width: 788px) 100vw, 788px\" \/><\/p>\n<p><img decoding=\"async\" loading=\"lazy\" class=\"alignnone size-full wp-image-470\" src=\"http:\/\/juliaamarger.com\/wp-content\/uploads\/2021\/05\/JAMARGERPHOSPHO.jpg\" alt=\"\" width=\"827\" height=\"551\" srcset=\"https:\/\/juliaamarger.com\/wp-content\/uploads\/2021\/05\/JAMARGERPHOSPHO.jpg 827w, https:\/\/juliaamarger.com\/wp-content\/uploads\/2021\/05\/JAMARGERPHOSPHO-300x200.jpg 300w, https:\/\/juliaamarger.com\/wp-content\/uploads\/2021\/05\/JAMARGERPHOSPHO-768x512.jpg 768w, https:\/\/juliaamarger.com\/wp-content\/uploads\/2021\/05\/JAMARGERPHOSPHO-720x480.jpg 720w\" sizes=\"(max-width: 827px) 100vw, 827px\" \/><\/p>\n<p><strong>Performance : EL CIRCULO<\/strong><\/p>\n<p><iframe loading=\"lazy\" title=\"Julia Amarger La phosphorescence de la mer\" width=\"1200\" height=\"675\" src=\"https:\/\/www.youtube.com\/embed\/1b4lgmtPd7Q?feature=oembed\" frameborder=\"0\" allow=\"accelerometer; autoplay; clipboard-write; encrypted-media; gyroscope; picture-in-picture; web-share\" allowfullscreen><\/iframe><\/p>\n<p><strong>Action po\u00e9tique participative : EL CIRCULO. <\/strong><strong>Espacio cultural LA CAJA de Cordoba, novembre 2016.<\/strong><\/p>\n<p>Un bureau plac\u00e9 sur un oc\u00e9an de petites cartes de visite avec une image d\u2019eau, une projection de vagues au sol, le son de la mer\u2026\u00a0Des petites bouteilles, du papier, un stylo et une consigne : d\u2019inscrire un message, de le placer dans la bouteille et finalement de placer la bouteille dans une bo\u00eete. En retour, ma promesse de d\u00e9poser les messages \u00e0 la mer.<\/p>\n<p>En imaginant leur bouteille largu\u00e9e en mer depuis la France, les participants se sont lanc\u00e9s dans la r\u00e9alisation d\u2019un acte po\u00e9tique : l\u2019\u00e9criture d\u2019un message qui partirait vers l\u2019inconnu.<\/p>\n<p><img decoding=\"async\" loading=\"lazy\" class=\"alignnone  wp-image-94\" src=\"http:\/\/juliaamarger.com\/wp-content\/uploads\/2017\/03\/010jthomesjuliaamarger.jpg\" alt=\"\" width=\"501\" height=\"751\" srcset=\"https:\/\/juliaamarger.com\/wp-content\/uploads\/2017\/03\/010jthomesjuliaamarger.jpg 525w, https:\/\/juliaamarger.com\/wp-content\/uploads\/2017\/03\/010jthomesjuliaamarger-200x300.jpg 200w\" sizes=\"(max-width: 501px) 100vw, 501px\" \/><\/p>\n<p><img decoding=\"async\" loading=\"lazy\" class=\"alignnone  wp-image-98\" src=\"http:\/\/juliaamarger.com\/wp-content\/uploads\/2017\/03\/016jthomesjuliaamarger-1024x682.jpg\" alt=\"\" width=\"500\" height=\"333\" srcset=\"https:\/\/juliaamarger.com\/wp-content\/uploads\/2017\/03\/016jthomesjuliaamarger-1024x682.jpg 1024w, https:\/\/juliaamarger.com\/wp-content\/uploads\/2017\/03\/016jthomesjuliaamarger-300x200.jpg 300w, https:\/\/juliaamarger.com\/wp-content\/uploads\/2017\/03\/016jthomesjuliaamarger-768x512.jpg 768w, https:\/\/juliaamarger.com\/wp-content\/uploads\/2017\/03\/016jthomesjuliaamarger-720x480.jpg 720w, https:\/\/juliaamarger.com\/wp-content\/uploads\/2017\/03\/016jthomesjuliaamarger.jpg 1181w\" sizes=\"(max-width: 500px) 100vw, 500px\" \/><img decoding=\"async\" loading=\"lazy\" class=\"alignnone  wp-image-107\" src=\"http:\/\/juliaamarger.com\/wp-content\/uploads\/2017\/03\/026jthomesjuliaamarger-1024x682.jpg\" alt=\"\" width=\"500\" height=\"333\" srcset=\"https:\/\/juliaamarger.com\/wp-content\/uploads\/2017\/03\/026jthomesjuliaamarger-1024x682.jpg 1024w, https:\/\/juliaamarger.com\/wp-content\/uploads\/2017\/03\/026jthomesjuliaamarger-300x200.jpg 300w, https:\/\/juliaamarger.com\/wp-content\/uploads\/2017\/03\/026jthomesjuliaamarger-768x512.jpg 768w, https:\/\/juliaamarger.com\/wp-content\/uploads\/2017\/03\/026jthomesjuliaamarger-720x480.jpg 720w, https:\/\/juliaamarger.com\/wp-content\/uploads\/2017\/03\/026jthomesjuliaamarger.jpg 1181w\" sizes=\"(max-width: 500px) 100vw, 500px\" \/><img decoding=\"async\" loading=\"lazy\" class=\"alignnone  wp-image-104\" src=\"http:\/\/juliaamarger.com\/wp-content\/uploads\/2017\/03\/023jthomesjuliaamarger-1024x682.jpg\" alt=\"\" width=\"500\" height=\"333\" srcset=\"https:\/\/juliaamarger.com\/wp-content\/uploads\/2017\/03\/023jthomesjuliaamarger-1024x682.jpg 1024w, https:\/\/juliaamarger.com\/wp-content\/uploads\/2017\/03\/023jthomesjuliaamarger-300x200.jpg 300w, https:\/\/juliaamarger.com\/wp-content\/uploads\/2017\/03\/023jthomesjuliaamarger-768x512.jpg 768w, https:\/\/juliaamarger.com\/wp-content\/uploads\/2017\/03\/023jthomesjuliaamarger-720x480.jpg 720w, https:\/\/juliaamarger.com\/wp-content\/uploads\/2017\/03\/023jthomesjuliaamarger.jpg 1181w\" sizes=\"(max-width: 500px) 100vw, 500px\" \/> <img decoding=\"async\" loading=\"lazy\" class=\"alignnone  wp-image-103\" src=\"http:\/\/juliaamarger.com\/wp-content\/uploads\/2017\/03\/022jthomesjuliaamarger-1024x682.jpg\" alt=\"\" width=\"500\" height=\"333\" srcset=\"https:\/\/juliaamarger.com\/wp-content\/uploads\/2017\/03\/022jthomesjuliaamarger-1024x682.jpg 1024w, https:\/\/juliaamarger.com\/wp-content\/uploads\/2017\/03\/022jthomesjuliaamarger-300x200.jpg 300w, https:\/\/juliaamarger.com\/wp-content\/uploads\/2017\/03\/022jthomesjuliaamarger-768x512.jpg 768w, https:\/\/juliaamarger.com\/wp-content\/uploads\/2017\/03\/022jthomesjuliaamarger-720x480.jpg 720w, https:\/\/juliaamarger.com\/wp-content\/uploads\/2017\/03\/022jthomesjuliaamarger.jpg 1181w\" sizes=\"(max-width: 500px) 100vw, 500px\" \/>\u00a0\u00a0 <img decoding=\"async\" loading=\"lazy\" class=\"alignnone  wp-image-100\" src=\"http:\/\/juliaamarger.com\/wp-content\/uploads\/2017\/03\/018jthomesjuliaamarger-1024x682.jpg\" alt=\"\" width=\"500\" height=\"333\" srcset=\"https:\/\/juliaamarger.com\/wp-content\/uploads\/2017\/03\/018jthomesjuliaamarger-1024x682.jpg 1024w, https:\/\/juliaamarger.com\/wp-content\/uploads\/2017\/03\/018jthomesjuliaamarger-300x200.jpg 300w, https:\/\/juliaamarger.com\/wp-content\/uploads\/2017\/03\/018jthomesjuliaamarger-768x512.jpg 768w, https:\/\/juliaamarger.com\/wp-content\/uploads\/2017\/03\/018jthomesjuliaamarger-720x480.jpg 720w, https:\/\/juliaamarger.com\/wp-content\/uploads\/2017\/03\/018jthomesjuliaamarger.jpg 1181w\" sizes=\"(max-width: 500px) 100vw, 500px\" \/> <img decoding=\"async\" loading=\"lazy\" class=\"alignnone  wp-image-99\" src=\"http:\/\/juliaamarger.com\/wp-content\/uploads\/2017\/03\/017jthomesjuliaamarger-1024x682.jpg\" alt=\"\" width=\"500\" height=\"333\" srcset=\"https:\/\/juliaamarger.com\/wp-content\/uploads\/2017\/03\/017jthomesjuliaamarger-1024x682.jpg 1024w, https:\/\/juliaamarger.com\/wp-content\/uploads\/2017\/03\/017jthomesjuliaamarger-300x200.jpg 300w, https:\/\/juliaamarger.com\/wp-content\/uploads\/2017\/03\/017jthomesjuliaamarger-768x512.jpg 768w, https:\/\/juliaamarger.com\/wp-content\/uploads\/2017\/03\/017jthomesjuliaamarger-720x480.jpg 720w, https:\/\/juliaamarger.com\/wp-content\/uploads\/2017\/03\/017jthomesjuliaamarger.jpg 1181w\" sizes=\"(max-width: 500px) 100vw, 500px\" \/>\u00a0<img decoding=\"async\" loading=\"lazy\" class=\"alignnone  wp-image-106\" src=\"http:\/\/juliaamarger.com\/wp-content\/uploads\/2017\/03\/025jthomesjuliaamarger-1024x682.jpg\" alt=\"\" width=\"500\" height=\"333\" srcset=\"https:\/\/juliaamarger.com\/wp-content\/uploads\/2017\/03\/025jthomesjuliaamarger-1024x682.jpg 1024w, https:\/\/juliaamarger.com\/wp-content\/uploads\/2017\/03\/025jthomesjuliaamarger-300x200.jpg 300w, https:\/\/juliaamarger.com\/wp-content\/uploads\/2017\/03\/025jthomesjuliaamarger-768x512.jpg 768w, https:\/\/juliaamarger.com\/wp-content\/uploads\/2017\/03\/025jthomesjuliaamarger-720x480.jpg 720w, https:\/\/juliaamarger.com\/wp-content\/uploads\/2017\/03\/025jthomesjuliaamarger.jpg 1181w\" sizes=\"(max-width: 500px) 100vw, 500px\" \/><\/p>\n","protected":false},"excerpt":{"rendered":"<p>(D\u00e9)crypter. A la recherche de traces, explorant mes propres souvenirs, les lucioles de mon pass\u00e9 et des g\u00e9n\u00e9rations pass\u00e9es, ce projet a \u00e9t\u00e9 r\u00e9alis\u00e9 au croisement de deux territoires, La France et l\u2019Argentine. Je m\u2019int\u00e9resse aux migrations, je floute les fronti\u00e8res pour d\u00e9construire la dialectique dedans-dehors et rendre possible l\u2019exploration des mouvements territoriaux. Performance : EL CIRCULO Action po\u00e9tique participative : EL CIRCULO. Espacio cultural LA CAJA de Cordoba, novembre 2016. Un bureau plac\u00e9 sur un oc\u00e9an de petites cartes<a class=\"more-link\" href=\"https:\/\/juliaamarger.com\/index.php\/la-phosphorescence-de-la-mer\/\"><span>Read More<\/span><\/a><\/p>\n","protected":false},"author":1,"featured_media":0,"parent":0,"menu_order":0,"comment_status":"closed","ping_status":"closed","template":"","meta":[],"_links":{"self":[{"href":"https:\/\/juliaamarger.com\/index.php\/wp-json\/wp\/v2\/pages\/92"}],"collection":[{"href":"https:\/\/juliaamarger.com\/index.php\/wp-json\/wp\/v2\/pages"}],"about":[{"href":"https:\/\/juliaamarger.com\/index.php\/wp-json\/wp\/v2\/types\/page"}],"author":[{"embeddable":true,"href":"https:\/\/juliaamarger.com\/index.php\/wp-json\/wp\/v2\/users\/1"}],"replies":[{"embeddable":true,"href":"https:\/\/juliaamarger.com\/index.php\/wp-json\/wp\/v2\/comments?post=92"}],"version-history":[{"count":11,"href":"https:\/\/juliaamarger.com\/index.php\/wp-json\/wp\/v2\/pages\/92\/revisions"}],"predecessor-version":[{"id":543,"href":"https:\/\/juliaamarger.com\/index.php\/wp-json\/wp\/v2\/pages\/92\/revisions\/543"}],"wp:attachment":[{"href":"https:\/\/juliaamarger.com\/index.php\/wp-json\/wp\/v2\/media?parent=92"}],"curies":[{"name":"wp","href":"https:\/\/api.w.org\/{rel}","templated":true}]}}