{"id":502,"date":"2021-05-07T19:29:52","date_gmt":"2021-05-07T17:29:52","guid":{"rendered":"http:\/\/juliaamarger.com\/?page_id=502"},"modified":"2023-12-04T15:55:56","modified_gmt":"2023-12-04T14:55:56","slug":"cest-arrive-par-le-vent","status":"publish","type":"page","link":"https:\/\/juliaamarger.com\/index.php\/cest-arrive-par-le-vent\/","title":{"rendered":"C&rsquo;est arriv\u00e9 par le vent 2018-2023"},"content":{"rendered":"\n<p>C\u2019est arriv\u00e9 par le vent est en cours de r\u00e9alisation et s\u2019int\u00e9resse  notamment aux m\u00e9canismes de mise sous silence et d\u2019enfouissement de la  parole. A travers diff\u00e9rents dispositifs photographiques et  performatifs, le projet se construit au fil des visites rendues \u00e0 un  groupe d\u2019habitants de Canals, petite ville de la Pampa H\u00fameda en  Argentine, qui s\u2019est soulev\u00e9 contre les pratiques de l\u2019agriculture  intensive qui empoisonnent les riverains.&nbsp; En effet, les grands  propri\u00e9taires terriens n\u2019h\u00e9sitent pas \u00e0 faire r\u00e9aliser des fumigations  de pesticides par voie terrestre ou a\u00e9rienne de pesticides, parfois \u00e0  quelques m\u00e8tres des habitations, et \u00e0 stocker machines et produits  chimiques dans le village. Ce groupe lutte pour rompre l\u2019omerta et faire conna\u00eetre l\u2019impact  sanitaire et \u00e9cologique des pesticides dans leur r\u00e9gion. Soutenus par  des scientifiques, ils font face ensemble au discr\u00e9dit dont les \u00e9tudes  r\u00e9alis\u00e9es sur le terrain font l\u2019objet, aux analyses falsifi\u00e9es et aux  chiffres maquill\u00e9s par les autorit\u00e9s.<\/p>\n\n\n\n<figure class=\"wp-block-image\"><img decoding=\"async\" loading=\"lazy\" width=\"709\" height=\"535\" src=\"http:\/\/juliaamarger.com\/wp-content\/uploads\/2021\/05\/jamarger-canals-2.jpg\" alt=\"\" class=\"wp-image-505\" srcset=\"https:\/\/juliaamarger.com\/wp-content\/uploads\/2021\/05\/jamarger-canals-2.jpg 709w, https:\/\/juliaamarger.com\/wp-content\/uploads\/2021\/05\/jamarger-canals-2-300x226.jpg 300w\" sizes=\"(max-width: 709px) 100vw, 709px\" \/><\/figure>\n\n\n\n<p>Nature &#8211; Culture, 2020<br><\/p>\n\n\n\n<figure class=\"wp-block-gallery has-nested-images columns-default is-cropped wp-block-gallery-1 is-layout-flex\">\n<figure class=\"wp-block-image size-large\"><img decoding=\"async\" loading=\"lazy\" width=\"1024\" height=\"673\" data-id=\"555\"  src=\"http:\/\/juliaamarger.com\/wp-content\/uploads\/2023\/12\/juste-1-1024x673.jpg\" alt=\"\" class=\"wp-image-555\" srcset=\"https:\/\/juliaamarger.com\/wp-content\/uploads\/2023\/12\/juste-1-1024x673.jpg 1024w, https:\/\/juliaamarger.com\/wp-content\/uploads\/2023\/12\/juste-1-300x197.jpg 300w, https:\/\/juliaamarger.com\/wp-content\/uploads\/2023\/12\/juste-1-768x504.jpg 768w, https:\/\/juliaamarger.com\/wp-content\/uploads\/2023\/12\/juste-1-1536x1009.jpg 1536w, https:\/\/juliaamarger.com\/wp-content\/uploads\/2023\/12\/juste-1-2048x1345.jpg 2048w, https:\/\/juliaamarger.com\/wp-content\/uploads\/2023\/12\/juste-1-720x473.jpg 720w\" sizes=\"(max-width: 1024px) 100vw, 1024px\" \/><\/figure>\n\n\n\n<figure class=\"wp-block-image size-large\"><img decoding=\"async\" loading=\"lazy\" width=\"1024\" height=\"675\" data-id=\"556\"  src=\"http:\/\/juliaamarger.com\/wp-content\/uploads\/2023\/12\/juste-3-1024x675.jpg\" alt=\"\" class=\"wp-image-556\" srcset=\"https:\/\/juliaamarger.com\/wp-content\/uploads\/2023\/12\/juste-3-1024x675.jpg 1024w, https:\/\/juliaamarger.com\/wp-content\/uploads\/2023\/12\/juste-3-300x198.jpg 300w, https:\/\/juliaamarger.com\/wp-content\/uploads\/2023\/12\/juste-3-768x506.jpg 768w, https:\/\/juliaamarger.com\/wp-content\/uploads\/2023\/12\/juste-3-1536x1012.jpg 1536w, https:\/\/juliaamarger.com\/wp-content\/uploads\/2023\/12\/juste-3-2048x1350.jpg 2048w, https:\/\/juliaamarger.com\/wp-content\/uploads\/2023\/12\/juste-3-720x474.jpg 720w\" sizes=\"(max-width: 1024px) 100vw, 1024px\" \/><\/figure>\n\n\n\n<figure class=\"wp-block-image size-large\"><img decoding=\"async\" loading=\"lazy\" width=\"1024\" height=\"675\" data-id=\"557\"  src=\"http:\/\/juliaamarger.com\/wp-content\/uploads\/2023\/12\/juste-2-1024x675.jpg\" alt=\"\" class=\"wp-image-557\" srcset=\"https:\/\/juliaamarger.com\/wp-content\/uploads\/2023\/12\/juste-2-1024x675.jpg 1024w, https:\/\/juliaamarger.com\/wp-content\/uploads\/2023\/12\/juste-2-300x198.jpg 300w, https:\/\/juliaamarger.com\/wp-content\/uploads\/2023\/12\/juste-2-768x506.jpg 768w, https:\/\/juliaamarger.com\/wp-content\/uploads\/2023\/12\/juste-2-1536x1012.jpg 1536w, https:\/\/juliaamarger.com\/wp-content\/uploads\/2023\/12\/juste-2-2048x1350.jpg 2048w, https:\/\/juliaamarger.com\/wp-content\/uploads\/2023\/12\/juste-2-720x474.jpg 720w\" sizes=\"(max-width: 1024px) 100vw, 1024px\" \/><\/figure>\n<\/figure>\n\n\n\n<figure class=\"wp-block-gallery has-nested-images columns-default is-cropped wp-block-gallery-3 is-layout-flex\"><\/figure>\n","protected":false},"excerpt":{"rendered":"<p>C\u2019est arriv\u00e9 par le vent est en cours de r\u00e9alisation et s\u2019int\u00e9resse notamment aux m\u00e9canismes de mise sous silence et d\u2019enfouissement de la parole. A travers diff\u00e9rents dispositifs photographiques et performatifs, le projet se construit au fil des visites rendues \u00e0 un groupe d\u2019habitants de Canals, petite ville de la Pampa H\u00fameda en Argentine, qui s\u2019est soulev\u00e9 contre les pratiques de l\u2019agriculture intensive qui empoisonnent les riverains.&nbsp; En effet, les grands propri\u00e9taires terriens n\u2019h\u00e9sitent pas \u00e0 faire r\u00e9aliser des fumigations<a class=\"more-link\" href=\"https:\/\/juliaamarger.com\/index.php\/cest-arrive-par-le-vent\/\"><span>Read More<\/span><\/a><\/p>\n","protected":false},"author":1,"featured_media":0,"parent":0,"menu_order":0,"comment_status":"closed","ping_status":"closed","template":"","meta":[],"_links":{"self":[{"href":"https:\/\/juliaamarger.com\/index.php\/wp-json\/wp\/v2\/pages\/502"}],"collection":[{"href":"https:\/\/juliaamarger.com\/index.php\/wp-json\/wp\/v2\/pages"}],"about":[{"href":"https:\/\/juliaamarger.com\/index.php\/wp-json\/wp\/v2\/types\/page"}],"author":[{"embeddable":true,"href":"https:\/\/juliaamarger.com\/index.php\/wp-json\/wp\/v2\/users\/1"}],"replies":[{"embeddable":true,"href":"https:\/\/juliaamarger.com\/index.php\/wp-json\/wp\/v2\/comments?post=502"}],"version-history":[{"count":7,"href":"https:\/\/juliaamarger.com\/index.php\/wp-json\/wp\/v2\/pages\/502\/revisions"}],"predecessor-version":[{"id":558,"href":"https:\/\/juliaamarger.com\/index.php\/wp-json\/wp\/v2\/pages\/502\/revisions\/558"}],"wp:attachment":[{"href":"https:\/\/juliaamarger.com\/index.php\/wp-json\/wp\/v2\/media?parent=502"}],"curies":[{"name":"wp","href":"https:\/\/api.w.org\/{rel}","templated":true}]}}