{"id":336,"date":"2018-10-14T17:45:41","date_gmt":"2018-10-14T15:45:41","guid":{"rendered":"http:\/\/juliaamarger.com\/?page_id=336"},"modified":"2018-10-14T17:47:27","modified_gmt":"2018-10-14T15:47:27","slug":"sens-dessus-dessous-2018","status":"publish","type":"page","link":"https:\/\/juliaamarger.com\/index.php\/sens-dessus-dessous-2018\/","title":{"rendered":"Sens dessus dessous 2018"},"content":{"rendered":"<p><img decoding=\"async\" loading=\"lazy\" class=\"alignnone wp-image-337\" src=\"http:\/\/juliaamarger.com\/wp-content\/uploads\/2018\/10\/10_sdd-1024x683.jpg\" alt=\"\" width=\"620\" height=\"414\" srcset=\"https:\/\/juliaamarger.com\/wp-content\/uploads\/2018\/10\/10_sdd-1024x683.jpg 1024w, https:\/\/juliaamarger.com\/wp-content\/uploads\/2018\/10\/10_sdd-300x200.jpg 300w, https:\/\/juliaamarger.com\/wp-content\/uploads\/2018\/10\/10_sdd-768x512.jpg 768w, https:\/\/juliaamarger.com\/wp-content\/uploads\/2018\/10\/10_sdd-720x480.jpg 720w\" sizes=\"(max-width: 620px) 100vw, 620px\" \/><\/p>\n<p>&nbsp;<\/p>\n<p><img decoding=\"async\" loading=\"lazy\" class=\"alignnone wp-image-338\" src=\"http:\/\/juliaamarger.com\/wp-content\/uploads\/2018\/10\/09_sdd-1024x683.jpg\" alt=\"\" width=\"620\" height=\"414\" srcset=\"https:\/\/juliaamarger.com\/wp-content\/uploads\/2018\/10\/09_sdd-1024x683.jpg 1024w, https:\/\/juliaamarger.com\/wp-content\/uploads\/2018\/10\/09_sdd-300x200.jpg 300w, https:\/\/juliaamarger.com\/wp-content\/uploads\/2018\/10\/09_sdd-768x512.jpg 768w, https:\/\/juliaamarger.com\/wp-content\/uploads\/2018\/10\/09_sdd-720x480.jpg 720w\" sizes=\"(max-width: 620px) 100vw, 620px\" \/><\/p>\n<p>&nbsp;<\/p>\n<p><img decoding=\"async\" loading=\"lazy\" class=\"alignnone wp-image-339\" src=\"http:\/\/juliaamarger.com\/wp-content\/uploads\/2018\/10\/04_sdd-1024x683.jpg\" alt=\"\" width=\"620\" height=\"414\" srcset=\"https:\/\/juliaamarger.com\/wp-content\/uploads\/2018\/10\/04_sdd-1024x683.jpg 1024w, https:\/\/juliaamarger.com\/wp-content\/uploads\/2018\/10\/04_sdd-300x200.jpg 300w, https:\/\/juliaamarger.com\/wp-content\/uploads\/2018\/10\/04_sdd-768x512.jpg 768w, https:\/\/juliaamarger.com\/wp-content\/uploads\/2018\/10\/04_sdd-720x480.jpg 720w\" sizes=\"(max-width: 620px) 100vw, 620px\" \/><\/p>\n<p>&nbsp;<\/p>\n<p><img decoding=\"async\" loading=\"lazy\" class=\"alignnone wp-image-340\" src=\"http:\/\/juliaamarger.com\/wp-content\/uploads\/2018\/10\/03_sdd-1024x683.jpg\" alt=\"\" width=\"620\" height=\"414\" srcset=\"https:\/\/juliaamarger.com\/wp-content\/uploads\/2018\/10\/03_sdd-1024x683.jpg 1024w, https:\/\/juliaamarger.com\/wp-content\/uploads\/2018\/10\/03_sdd-300x200.jpg 300w, https:\/\/juliaamarger.com\/wp-content\/uploads\/2018\/10\/03_sdd-768x512.jpg 768w, https:\/\/juliaamarger.com\/wp-content\/uploads\/2018\/10\/03_sdd-720x480.jpg 720w\" sizes=\"(max-width: 620px) 100vw, 620px\" \/><\/p>\n<p>&nbsp;<\/p>\n<p><img decoding=\"async\" loading=\"lazy\" class=\"alignnone wp-image-341\" src=\"http:\/\/juliaamarger.com\/wp-content\/uploads\/2018\/10\/02_sdd-1024x683.jpg\" alt=\"\" width=\"620\" height=\"414\" srcset=\"https:\/\/juliaamarger.com\/wp-content\/uploads\/2018\/10\/02_sdd-1024x683.jpg 1024w, https:\/\/juliaamarger.com\/wp-content\/uploads\/2018\/10\/02_sdd-300x200.jpg 300w, https:\/\/juliaamarger.com\/wp-content\/uploads\/2018\/10\/02_sdd-768x512.jpg 768w, https:\/\/juliaamarger.com\/wp-content\/uploads\/2018\/10\/02_sdd-720x480.jpg 720w\" sizes=\"(max-width: 620px) 100vw, 620px\" \/><\/p>\n<p>La montagne est belle mais elle s\u00e9pare. La montagne est forte mais elle fragilise. L\u2019Homme vuln\u00e9rabilise l\u2019Homme, plus que des montagnes enneig\u00e9es.<\/p>\n<p>Le printemps d\u00e9couvre des corps ensevelis.<\/p>\n<p>Un voyageur passe en avion.<\/p>\n<p>Les fronti\u00e8res ne sont pas les m\u00eames pour vous, pour eux, pour moi.<\/p>\n<p>La montagne a s\u00e9par\u00e9, la ligne s\u2019est trac\u00e9e.<\/p>\n<p>&nbsp;<\/p>\n<p>R\u00e9alis\u00e9 avec le soutient des <a href=\"https:\/\/www.ateliersmedicis.fr\/le-reseau\/acteur\/julia-amarger-1399\">Ateliers M\u00e9dicis<\/a>.<\/p>\n","protected":false},"excerpt":{"rendered":"<p>&nbsp; &nbsp; &nbsp; &nbsp; La montagne est belle mais elle s\u00e9pare. La montagne est forte mais elle fragilise. L\u2019Homme vuln\u00e9rabilise l\u2019Homme, plus que des montagnes enneig\u00e9es. Le printemps d\u00e9couvre des corps ensevelis. Un voyageur passe en avion. Les fronti\u00e8res ne sont pas les m\u00eames pour vous, pour eux, pour moi. La montagne a s\u00e9par\u00e9, la ligne s\u2019est trac\u00e9e. &nbsp; R\u00e9alis\u00e9 avec le soutient des Ateliers M\u00e9dicis.<\/p>\n","protected":false},"author":1,"featured_media":0,"parent":0,"menu_order":1,"comment_status":"closed","ping_status":"closed","template":"","meta":[],"_links":{"self":[{"href":"https:\/\/juliaamarger.com\/index.php\/wp-json\/wp\/v2\/pages\/336"}],"collection":[{"href":"https:\/\/juliaamarger.com\/index.php\/wp-json\/wp\/v2\/pages"}],"about":[{"href":"https:\/\/juliaamarger.com\/index.php\/wp-json\/wp\/v2\/types\/page"}],"author":[{"embeddable":true,"href":"https:\/\/juliaamarger.com\/index.php\/wp-json\/wp\/v2\/users\/1"}],"replies":[{"embeddable":true,"href":"https:\/\/juliaamarger.com\/index.php\/wp-json\/wp\/v2\/comments?post=336"}],"version-history":[{"count":1,"href":"https:\/\/juliaamarger.com\/index.php\/wp-json\/wp\/v2\/pages\/336\/revisions"}],"predecessor-version":[{"id":342,"href":"https:\/\/juliaamarger.com\/index.php\/wp-json\/wp\/v2\/pages\/336\/revisions\/342"}],"wp:attachment":[{"href":"https:\/\/juliaamarger.com\/index.php\/wp-json\/wp\/v2\/media?parent=336"}],"curies":[{"name":"wp","href":"https:\/\/api.w.org\/{rel}","templated":true}]}}