{"id":31,"date":"2017-03-08T12:13:34","date_gmt":"2017-03-08T11:13:34","guid":{"rendered":"http:\/\/juliaamarger.com\/?page_id=31"},"modified":"2023-12-04T15:45:26","modified_gmt":"2023-12-04T14:45:26","slug":"secret","status":"publish","type":"page","link":"https:\/\/juliaamarger.com\/index.php\/secret\/","title":{"rendered":"Ceci est un secret 2015-\u221e"},"content":{"rendered":"<p>J\u2019ai distribu\u00e9 des enveloppes \u00e0 des personnes de mon entourage avec pour seule consigne de m\u2019envoyer un secret par courrier postal de fa\u00e7on anonyme. Pendant quelques mois, j\u2019ai ainsi re\u00e7u de nombreux textes \u00e0 partir desquels j\u2019ai r\u00e9alis\u00e9 des mises en sc\u00e8ne.<\/p>\n<p>Chacune des images pr\u00e9sent\u00e9es ici est le fruit d\u2019une collaboration implicite avec une personne anonyme qui a accept\u00e9 de partager un fragment de son exp\u00e9rience. La po\u00e9sie des mots et le protocole de cr\u00e9ation sont les deux moteurs de l\u2019oeuvre qui laisse percevoir les dits et les non-dits. Ces moments consid\u00e9r\u00e9s comme faibles, d\u2019entre-deux, se convertissent en un \u00ab entre nous \u00bb, entre l\u2019autre, qui \u00e9crit quelque chose (ou rien) et moi.<\/p>\n\n\t\t<style type=\"text\/css\">\n\t\t\t#gallery-1 {\n\t\t\t\tmargin: auto;\n\t\t\t}\n\t\t\t#gallery-1 .gallery-item {\n\t\t\t\tfloat: left;\n\t\t\t\tmargin-top: 10px;\n\t\t\t\ttext-align: center;\n\t\t\t\twidth: 100%;\n\t\t\t}\n\t\t\t#gallery-1 img {\n\t\t\t\tborder: 2px solid #cfcfcf;\n\t\t\t}\n\t\t\t#gallery-1 .gallery-caption {\n\t\t\t\tmargin-left: 0;\n\t\t\t}\n\t\t\t\/* see gallery_shortcode() in wp-includes\/media.php *\/\n\t\t<\/style>\n\t\t<div id='gallery-1' class='gallery galleryid-31 gallery-columns-1 gallery-size-medium'><dl class='gallery-item'>\n\t\t\t<dt class='gallery-icon landscape'>\n\t\t\t\t<a href='https:\/\/juliaamarger.com\/index.php\/secret\/amargersecret-58-2020\/'><img width=\"300\" height=\"200\" src=\"https:\/\/juliaamarger.com\/wp-content\/uploads\/2021\/05\/AMARGERsecret-58-2020-300x200.jpg\" class=\"attachment-medium size-medium\" alt=\"\" decoding=\"async\" loading=\"lazy\" srcset=\"https:\/\/juliaamarger.com\/wp-content\/uploads\/2021\/05\/AMARGERsecret-58-2020-300x200.jpg 300w, https:\/\/juliaamarger.com\/wp-content\/uploads\/2021\/05\/AMARGERsecret-58-2020-768x512.jpg 768w, https:\/\/juliaamarger.com\/wp-content\/uploads\/2021\/05\/AMARGERsecret-58-2020-720x480.jpg 720w, https:\/\/juliaamarger.com\/wp-content\/uploads\/2021\/05\/AMARGERsecret-58-2020.jpg 827w\" sizes=\"(max-width: 300px) 100vw, 300px\" \/><\/a>\n\t\t\t<\/dt><\/dl><br style=\"clear: both\" \/><dl class='gallery-item'>\n\t\t\t<dt class='gallery-icon portrait'>\n\t\t\t\t<a href='https:\/\/juliaamarger.com\/index.php\/secret\/juliaamarger_doisneau-bbaryta\/'><img width=\"212\" height=\"300\" src=\"https:\/\/juliaamarger.com\/wp-content\/uploads\/2023\/12\/juliaamarger_DOISNEAU-Bbaryta-212x300.jpg\" class=\"attachment-medium size-medium\" alt=\"\" decoding=\"async\" loading=\"lazy\" srcset=\"https:\/\/juliaamarger.com\/wp-content\/uploads\/2023\/12\/juliaamarger_DOISNEAU-Bbaryta-212x300.jpg 212w, https:\/\/juliaamarger.com\/wp-content\/uploads\/2023\/12\/juliaamarger_DOISNEAU-Bbaryta-722x1024.jpg 722w, https:\/\/juliaamarger.com\/wp-content\/uploads\/2023\/12\/juliaamarger_DOISNEAU-Bbaryta-768x1089.jpg 768w, https:\/\/juliaamarger.com\/wp-content\/uploads\/2023\/12\/juliaamarger_DOISNEAU-Bbaryta-1084x1536.jpg 1084w, https:\/\/juliaamarger.com\/wp-content\/uploads\/2023\/12\/juliaamarger_DOISNEAU-Bbaryta-1445x2048.jpg 1445w, https:\/\/juliaamarger.com\/wp-content\/uploads\/2023\/12\/juliaamarger_DOISNEAU-Bbaryta-720x1021.jpg 720w, https:\/\/juliaamarger.com\/wp-content\/uploads\/2023\/12\/juliaamarger_DOISNEAU-Bbaryta-scaled.jpg 1806w\" sizes=\"(max-width: 212px) 100vw, 212px\" \/><\/a>\n\t\t\t<\/dt><\/dl><br style=\"clear: both\" \/><dl class='gallery-item'>\n\t\t\t<dt class='gallery-icon landscape'>\n\t\t\t\t<a href='https:\/\/juliaamarger.com\/index.php\/secret\/jamarger-2\/'><img width=\"300\" height=\"200\" src=\"https:\/\/juliaamarger.com\/wp-content\/uploads\/2021\/05\/JAMARGER-300x200.jpg\" class=\"attachment-medium size-medium\" alt=\"\" decoding=\"async\" loading=\"lazy\" srcset=\"https:\/\/juliaamarger.com\/wp-content\/uploads\/2021\/05\/JAMARGER-300x200.jpg 300w, https:\/\/juliaamarger.com\/wp-content\/uploads\/2021\/05\/JAMARGER-768x512.jpg 768w, https:\/\/juliaamarger.com\/wp-content\/uploads\/2021\/05\/JAMARGER-720x480.jpg 720w, https:\/\/juliaamarger.com\/wp-content\/uploads\/2021\/05\/JAMARGER.jpg 827w\" sizes=\"(max-width: 300px) 100vw, 300px\" \/><\/a>\n\t\t\t<\/dt><\/dl><br style=\"clear: both\" \/><dl class='gallery-item'>\n\t\t\t<dt class='gallery-icon landscape'>\n\t\t\t\t<a href='https:\/\/juliaamarger.com\/index.php\/secret\/amarger-secret-64\/'><img width=\"300\" height=\"200\" src=\"https:\/\/juliaamarger.com\/wp-content\/uploads\/2021\/05\/amarger-secret-64-300x200.jpg\" class=\"attachment-medium size-medium\" alt=\"\" decoding=\"async\" loading=\"lazy\" srcset=\"https:\/\/juliaamarger.com\/wp-content\/uploads\/2021\/05\/amarger-secret-64-300x200.jpg 300w, https:\/\/juliaamarger.com\/wp-content\/uploads\/2021\/05\/amarger-secret-64-768x512.jpg 768w, https:\/\/juliaamarger.com\/wp-content\/uploads\/2021\/05\/amarger-secret-64-720x480.jpg 720w, https:\/\/juliaamarger.com\/wp-content\/uploads\/2021\/05\/amarger-secret-64.jpg 827w\" sizes=\"(max-width: 300px) 100vw, 300px\" \/><\/a>\n\t\t\t<\/dt><\/dl><br style=\"clear: both\" \/><dl class='gallery-item'>\n\t\t\t<dt class='gallery-icon portrait'>\n\t\t\t\t<a href='https:\/\/juliaamarger.com\/index.php\/secret\/31_amarger_phospho\/'><img width=\"200\" height=\"300\" src=\"https:\/\/juliaamarger.com\/wp-content\/uploads\/2023\/12\/31_Amarger_PHOSPHO-200x300.jpg\" class=\"attachment-medium size-medium\" alt=\"\" decoding=\"async\" loading=\"lazy\" srcset=\"https:\/\/juliaamarger.com\/wp-content\/uploads\/2023\/12\/31_Amarger_PHOSPHO-200x300.jpg 200w, https:\/\/juliaamarger.com\/wp-content\/uploads\/2023\/12\/31_Amarger_PHOSPHO-683x1024.jpg 683w, https:\/\/juliaamarger.com\/wp-content\/uploads\/2023\/12\/31_Amarger_PHOSPHO-768x1152.jpg 768w, https:\/\/juliaamarger.com\/wp-content\/uploads\/2023\/12\/31_Amarger_PHOSPHO-720x1080.jpg 720w, https:\/\/juliaamarger.com\/wp-content\/uploads\/2023\/12\/31_Amarger_PHOSPHO.jpg 800w\" sizes=\"(max-width: 200px) 100vw, 200px\" \/><\/a>\n\t\t\t<\/dt><\/dl><br style=\"clear: both\" \/>\n\t\t<\/div>\n\n","protected":false},"excerpt":{"rendered":"<p>J\u2019ai distribu\u00e9 des enveloppes \u00e0 des personnes de mon entourage avec pour seule consigne de m\u2019envoyer un secret par courrier postal de fa\u00e7on anonyme. Pendant quelques mois, j\u2019ai ainsi re\u00e7u de nombreux textes \u00e0 partir desquels j\u2019ai r\u00e9alis\u00e9 des mises en sc\u00e8ne. Chacune des images pr\u00e9sent\u00e9es ici est le fruit d\u2019une collaboration implicite avec une personne anonyme qui a accept\u00e9 de partager un fragment de son exp\u00e9rience. La po\u00e9sie des mots et le protocole de cr\u00e9ation sont les deux moteurs<a class=\"more-link\" href=\"https:\/\/juliaamarger.com\/index.php\/secret\/\"><span>Read More<\/span><\/a><\/p>\n","protected":false},"author":1,"featured_media":0,"parent":0,"menu_order":0,"comment_status":"closed","ping_status":"closed","template":"","meta":[],"_links":{"self":[{"href":"https:\/\/juliaamarger.com\/index.php\/wp-json\/wp\/v2\/pages\/31"}],"collection":[{"href":"https:\/\/juliaamarger.com\/index.php\/wp-json\/wp\/v2\/pages"}],"about":[{"href":"https:\/\/juliaamarger.com\/index.php\/wp-json\/wp\/v2\/types\/page"}],"author":[{"embeddable":true,"href":"https:\/\/juliaamarger.com\/index.php\/wp-json\/wp\/v2\/users\/1"}],"replies":[{"embeddable":true,"href":"https:\/\/juliaamarger.com\/index.php\/wp-json\/wp\/v2\/comments?post=31"}],"version-history":[{"count":12,"href":"https:\/\/juliaamarger.com\/index.php\/wp-json\/wp\/v2\/pages\/31\/revisions"}],"predecessor-version":[{"id":553,"href":"https:\/\/juliaamarger.com\/index.php\/wp-json\/wp\/v2\/pages\/31\/revisions\/553"}],"wp:attachment":[{"href":"https:\/\/juliaamarger.com\/index.php\/wp-json\/wp\/v2\/media?parent=31"}],"curies":[{"name":"wp","href":"https:\/\/api.w.org\/{rel}","templated":true}]}}